{"id":39,"date":"2023-02-08T22:41:40","date_gmt":"2023-02-08T21:41:40","guid":{"rendered":"https:\/\/sznaturalbeauty.fr\/?page_id=39"},"modified":"2023-09-16T16:07:09","modified_gmt":"2023-09-16T14:07:09","slug":"prestations","status":"publish","type":"page","link":"https:\/\/sznaturalbeauty.fr\/?page_id=39","title":{"rendered":"Tarifs Prestations"},"content":{"rendered":"\n<p>SOURCIL<\/p>\n\n\n\n<ul class=\"wp-block-list\">\n<li>Microblading (effet poil \u00e0 poil).                        180\u20ac<\/li>\n\n\n\n<li>Microshading (effet poudr\u00e9).                            200\u20ac<\/li>\n\n\n\n<li>Combo (Microshading+Microblading).       220\u20ac<\/li>\n<\/ul>\n\n\n\n<p>YEUX<\/p>\n\n\n\n<ul class=\"wp-block-list\">\n<li>Eye-liner sup\u00e9rieur                                                  200\u20ac<\/li>\n\n\n\n<li>Ras de cil sup\u00e9rieur                                                 180\u20ac<\/li>\n\n\n\n<li>Ras de cil sup\u00e9rieur+inf\u00e9rieur                           220\u20ac<\/li>\n\n\n\n<li>Combo (Eye-liner+ras de cil).                            250\u20ac\n<ul class=\"wp-block-list\">\n<li><\/li>\n<\/ul>\n<\/li>\n<\/ul>\n\n\n\n<p>BOUCHE<\/p>\n\n\n\n<ul class=\"wp-block-list\">\n<li>Candy lips (contour+d\u00e9grad\u00e9).                         180\u20ac<\/li>\n\n\n\n<li>Full lips (contour+remplissage).                         220\u20ac<\/li>\n\n\n\n<li>Magic lips (effet rouge \u00e0 l\u00e8vre).                         200\u20ac<\/li>\n<\/ul>\n\n\n\n<p>GRAIN DE BEAUT\u00c9.                                                   40\u20ac<\/p>\n\n\n\n<p>RETOUCHE<\/p>\n\n\n\n<ul class=\"wp-block-list\">\n<li>&#8211; 2mois.                                                                   Comprise<\/li>\n\n\n\n<li>+ 2 mois.                                                                             80\u20ac\n<ul class=\"wp-block-list\">\n<li>+ 12 mois.                                                                        100\u20ac<\/li>\n<\/ul>\n<\/li>\n\n\n\n<li><\/li>\n<\/ul>\n\n\n\n<p>CILS<\/p>\n\n\n\n<ul class=\"wp-block-list\">\n<li>R\u00e9haussement.                                                              40\u20ac<\/li>\n\n\n\n<li>R\u00e9haussement+Teinture.                                        45\u20ac<\/li>\n\n\n\n<li>R\u00e9haussement+Teinture+Lash botox.            50\u20ac<\/li>\n<\/ul>\n\n\n\n<p>HENN\u00c9 V\u00c9G\u00c9TAL SOURCIL.                               40\u20ac<\/p>\n\n\n\n<p>Tatouage.                                                \u00c0 partir de  70\u20ac<\/p>\n","protected":false},"excerpt":{"rendered":"<p>SOURCIL YEUX BOUCHE GRAIN DE BEAUT\u00c9. 40\u20ac RETOUCHE CILS HENN\u00c9 V\u00c9G\u00c9TAL SOURCIL. 40\u20ac Tatouage. \u00c0 partir de 70\u20ac<\/p>\n","protected":false},"author":1,"featured_media":0,"parent":0,"menu_order":0,"comment_status":"closed","ping_status":"closed","template":"","meta":{"footnotes":""},"class_list":["post-39","page","type-page","status-publish","hentry"],"_links":{"self":[{"href":"https:\/\/sznaturalbeauty.fr\/index.php?rest_route=\/wp\/v2\/pages\/39","targetHints":{"allow":["GET"]}}],"collection":[{"href":"https:\/\/sznaturalbeauty.fr\/index.php?rest_route=\/wp\/v2\/pages"}],"about":[{"href":"https:\/\/sznaturalbeauty.fr\/index.php?rest_route=\/wp\/v2\/types\/page"}],"author":[{"embeddable":true,"href":"https:\/\/sznaturalbeauty.fr\/index.php?rest_route=\/wp\/v2\/users\/1"}],"replies":[{"embeddable":true,"href":"https:\/\/sznaturalbeauty.fr\/index.php?rest_route=%2Fwp%2Fv2%2Fcomments&post=39"}],"version-history":[{"count":8,"href":"https:\/\/sznaturalbeauty.fr\/index.php?rest_route=\/wp\/v2\/pages\/39\/revisions"}],"predecessor-version":[{"id":208,"href":"https:\/\/sznaturalbeauty.fr\/index.php?rest_route=\/wp\/v2\/pages\/39\/revisions\/208"}],"wp:attachment":[{"href":"https:\/\/sznaturalbeauty.fr\/index.php?rest_route=%2Fwp%2Fv2%2Fmedia&parent=39"}],"curies":[{"name":"wp","href":"https:\/\/api.w.org\/{rel}","templated":true}]}}